{"id":2282,"date":"2025-01-07T11:58:23","date_gmt":"2025-01-07T11:58:23","guid":{"rendered":"http:\/\/sagraffitto.com\/de\/gipsa-dekori\/"},"modified":"2015-12-07T10:29:36","modified_gmt":"2015-12-07T10:29:36","slug":"gipsa-dekori","status":"publish","type":"page","link":"https:\/\/sagraffitto.com\/de\/gipsa-dekori\/","title":{"rendered":"Stuck decor"},"content":{"rendered":"<p>\u0123ip\u0161a dekoru izgatavo\u0161ana, kr\u0101so\u0161ana, zelt\u012b\u0161ana.<\/p>\n<div class=\"swiper swiper-container\" style=\"width: 100%; height: 900px\" data-loop=\"true\" data-autoplay=\"3500\" data-speed=\"400\"><div class=\"swiper-wrapper\">\n<div class=\"swiper-slide overlay overlay-none\" style=\"background-image: url(http:\/\/sagraffitto.com\/wp-content\/uploads\/2015\/06\/BILDe-18-.jpg)\"><h3><\/h3><\/div>\n<div class=\"swiper-slide overlay overlay-none\" style=\"background-image: url(http:\/\/sagraffitto.com\/wp-content\/uploads\/2015\/05\/bilde-21-gipsis.jpg)\"><h3><\/h3><\/div>\n<div class=\"swiper-slide overlay overlay-none\" style=\"background-image: url(http:\/\/sagraffitto.com\/wp-content\/uploads\/2015\/05\/bilde-16-gipsis.jpg)\"><h3><\/h3><\/div>\n<div class=\"swiper-slide overlay overlay-none\" style=\"background-image: url(http:\/\/sagraffitto.com\/wp-content\/uploads\/2015\/05\/bilde-14-gipsis.jpg)\"><h3><\/h3><\/div>\n<div class=\"swiper-slide overlay overlay-none\" style=\"background-image: url(http:\/\/sagraffitto.com\/wp-content\/uploads\/2015\/05\/bilde-11-gipsis.jpg)\"><h3><\/h3><\/div>\n<div class=\"swiper-slide overlay overlay-none\" style=\"background-image: url(http:\/\/sagraffitto.com\/wp-content\/uploads\/2015\/05\/bilde-8-gipsis.jpg)\"><h3><\/h3><\/div>\n<div class=\"swiper-slide overlay overlay-none\" style=\"background-image: url(http:\/\/sagraffitto.com\/wp-content\/uploads\/2015\/05\/bilde-5-gipsis.jpg)\"><h3><\/h3><\/div>\n<div class=\"swiper-slide overlay overlay-none\" style=\"background-image: url(http:\/\/sagraffitto.com\/wp-content\/uploads\/2015\/05\/bilde-5.jpg)\"><h3><\/h3><\/div>\n<div class=\"swiper-slide overlay overlay-none\" style=\"background-image: url(http:\/\/sagraffitto.com\/wp-content\/uploads\/2015\/05\/bild4.jpg)\"><h3><\/h3><\/div>\n<div class=\"swiper-slide overlay overlay-none\" style=\"background-image: url(http:\/\/sagraffitto.com\/wp-content\/uploads\/2015\/06\/BILDe-10-.jpg)\"><h3><\/h3><\/div>\n<div class=\"swiper-slide overlay overlay-none\" style=\"background-image: url(http:\/\/sagraffitto.com\/wp-content\/uploads\/2015\/06\/BILDe-3-.jpg)\"><h3><\/h3><\/div>\n<\/div><a class=\"nav-arrow nav-left\" href=\"#\"><\/a><a class=\"nav-arrow nav-right\" href=\"#\"><\/a><\/div>\n<p>&nbsp;<\/p>\n","protected":false},"excerpt":{"rendered":"<p>\u0123ip\u0161a dekoru izgatavo\u0161ana, kr\u0101so\u0161ana, zelt\u012b\u0161ana. &nbsp;<\/p>\n","protected":false},"author":1,"featured_media":0,"parent":0,"menu_order":0,"comment_status":"closed","ping_status":"closed","template":"","meta":{"footnotes":""},"class_list":["post-2282","page","type-page","status-publish","hentry"],"_links":{"self":[{"href":"https:\/\/sagraffitto.com\/de\/wp-json\/wp\/v2\/pages\/2282","targetHints":{"allow":["GET"]}}],"collection":[{"href":"https:\/\/sagraffitto.com\/de\/wp-json\/wp\/v2\/pages"}],"about":[{"href":"https:\/\/sagraffitto.com\/de\/wp-json\/wp\/v2\/types\/page"}],"author":[{"embeddable":true,"href":"https:\/\/sagraffitto.com\/de\/wp-json\/wp\/v2\/users\/1"}],"replies":[{"embeddable":true,"href":"https:\/\/sagraffitto.com\/de\/wp-json\/wp\/v2\/comments?post=2282"}],"version-history":[{"count":1,"href":"https:\/\/sagraffitto.com\/de\/wp-json\/wp\/v2\/pages\/2282\/revisions"}],"predecessor-version":[{"id":2297,"href":"https:\/\/sagraffitto.com\/de\/wp-json\/wp\/v2\/pages\/2282\/revisions\/2297"}],"wp:attachment":[{"href":"https:\/\/sagraffitto.com\/de\/wp-json\/wp\/v2\/media?parent=2282"}],"curies":[{"name":"wp","href":"https:\/\/api.w.org\/{rel}","templated":true}]}}